{"id":744,"date":"2024-11-12T16:47:22","date_gmt":"2024-11-12T15:47:22","guid":{"rendered":"https:\/\/gtgpartners.com\/?page_id=744"},"modified":"2024-12-11T16:26:10","modified_gmt":"2024-12-11T15:26:10","slug":"nos-etudes-de-cas","status":"publish","type":"page","link":"https:\/\/gtgpartners.com\/en\/nos-etudes-de-cas\/","title":{"rendered":"Our case studies"},"content":{"rendered":"<div data-elementor-type=\"wp-page\" data-elementor-id=\"744\" class=\"elementor elementor-744\" data-elementor-post-type=\"page\">\n\t\t\t\t<div class=\"elementor-element elementor-element-88e5c23 e-con-full e-flex e-con e-parent\" data-id=\"88e5c23\" data-element_type=\"container\">\n\t\t<div class=\"elementor-element elementor-element-aa94a38 e-flex e-con-boxed e-con e-child\" data-id=\"aa94a38\" data-element_type=\"container\">\n\t\t\t\t\t<div class=\"e-con-inner\">\n\t\t\t\t<div class=\"elementor-element elementor-element-5fd4cb6 elementor-widget elementor-widget-slider_revolution\" data-id=\"5fd4cb6\" data-element_type=\"widget\" data-widget_type=\"slider_revolution.default\">\n\t\t\t\t<div class=\"elementor-widget-container\">\n\t\t\t\t\t\n\t\t<div class=\"wp-block-themepunch-revslider\">\n\t\t\t\t<p class=\"rs-p-wp-fix\"><\/p>\n\t\t\t\t<sr7-module data-alias=\"banniere-projets-executes\" data-id=\"7\" id=\"SR7_7_1\" class=\"rs-ov-hidden\" data-version=\"6.7.23\">\n\t\t\t\t\t<sr7-adjuster><\/sr7-adjuster>\n\t\t\t\t\t<sr7-content>\n\t\t\t\t\t\t<sr7-slide id=\"SR7_7_1-18\" data-key=\"18\">\n\t\t\t\t\t\t\t<sr7-bg id=\"SR7_7_1-18-1\" class=\"sr7-layer\"><noscript><img decoding=\"async\" src=\"https:\/\/gtgpartners.com\/wp-content\/uploads\/2024\/11\/investir-en-afrique.jpg\" alt=\"\" title=\"investir-en-afrique\"><\/noscript><\/sr7-bg>\n\t\t\t\t\t\t\t<sr7-txt id=\"SR7_7_1-18-0\" class=\"sr7-layer\">Completed projects<\/sr7-txt>\n\t\t\t\t\t\t<\/sr7-slide>\n\t\t\t\t\t\t<sr7-slide id=\"SR7_7_1-19\" data-key=\"19\">\n\t\t\t\t\t\t<\/sr7-slide>\n\t\t\t\t\t<\/sr7-content>\n\t\t\t\t\t<image_lists style=\"display:none\">\n\t\t\t\t\t\t<img data-src=\"\/\/gtgpartners.com\/wp-content\/uploads\/2024\/11\/investir-en-afrique.jpg\" data-libid=\"441\" data-lib=\"medialibrary\" title=\"investir-en-afrique\" width=\"0\" height=\"0\" data-dbsrc=\"Ly9ndGdwYXJ0bmVycy5jb20vd3AtY29udGVudC91cGxvYWRzLzIwMjQvMTEvaW52ZXN0aXItZW4tYWZyaXF1ZS5qcGc=\"\/>\n\t\t\t\t\t<\/image_lists>\n\t\t\t\t<\/sr7-module>\n\t\t\t\t<script>\n\t\t\t\t\tSR7.PMH ??={}; SR7.PMH[\"SR7_7_1\"] = {cn:100,state:false,fn: function() { if (_tpt!==undefined && _tpt.prepareModuleHeight !== undefined) {  _tpt.prepareModuleHeight({id:\"SR7_7_1\",el:[400,400,768,960,575],type:'standard',shdw:'0',gh:[400,400,768,960,575],gw:[1600,1600,1024,778,480],vpt:['-100px&#039;,&#039;-100px&#039;,&#039;-100px&#039;,&#039;-100px&#039;,&#039;-100px'],size:{fullWidth:true, fullHeight:false},mh:'0',onh:0,onw:0,bg:{color:'{\"orig\":\"transparent\",\"type\":\"solid\",\"string\":\"transparent\"}'}});   SR7.PMH[\"SR7_7_1\"].state=true;} else if(SR7.PMH[\"SR7_7_1\"].cn-->0)\tsetTimeout( SR7.PMH[\"SR7_7_1\"].fn,19);}};SR7.PMH[\"SR7_7_1\" ].fn();\n\t\t\t\t<\/script>\n<\/div>\n\n\t\t\t\t\t\t<\/div>\n\t\t\t\t<\/div>\n\t\t\t\t\t<\/div>\n\t\t\t\t<\/div>\n\t\t\t\t<\/div>\n\t\t<div class=\"elementor-element elementor-element-7ebc991 e-con-full e-flex e-con e-parent\" data-id=\"7ebc991\" data-element_type=\"container\">\n\t\t<div class=\"elementor-element elementor-element-eae97d3 e-flex e-con-boxed e-con e-child\" data-id=\"eae97d3\" data-element_type=\"container\">\n\t\t\t\t\t<div class=\"e-con-inner\">\n\t\t<div data-dce-background-color=\"#ECEDEF\" class=\"elementor-element elementor-element-b26cdd9 boxe-etude-cas-1 e-flex e-con-boxed e-con e-child\" data-id=\"b26cdd9\" data-element_type=\"container\" data-settings=\"{&quot;background_background&quot;:&quot;classic&quot;}\">\n\t\t\t\t\t<div class=\"e-con-inner\">\n\t\t\t\t<div class=\"elementor-element elementor-element-c6a9f32 dce-posts-layout-left dce-col-1 dce-col-tablet-3 dce-col-mobile-1 dce-align-left elementor-widget elementor-widget-dce-dynamicposts-v2\" data-id=\"c6a9f32\" data-element_type=\"widget\" data-settings=\"{&quot;style_items&quot;:&quot;left&quot;,&quot;grid_grid_type&quot;:&quot;flex&quot;}\" data-widget_type=\"dce-dynamicposts-v2.grid\">\n\t\t\t\t<div class=\"elementor-widget-container\">\n\t\t\t\t\t\n\t\t<div class=\"dce-fix-background-loop dce-posts-container dce-posts dce-dynamic-posts-collection  dce-skin-grid dce-skin-grid-flex\">\n\t\t\t\t\t\t<div class=\"dce-posts-wrapper dce-wrapper-grid\">\n\t\t\t\n\t\t<article class=\"post-787 post type-post status-publish format-standard has-post-thumbnail hentry category-etudes-de-cas dce-post dce-post-item dce-item-grid\" data-dce-post-id=\"787\" data-dce-post-index=\"0\">\n\t\t\t<div class=\"dce-post-block\">\n\t\t<div class=\"dce-image-area dce-item-area\"><div class=\"dce-item dce-item_image elementor-repeater-item-f142bdc\"><a class=\"dce-post-image\" href=\"https:\/\/gtgpartners.com\/en\/centrale-electrique-vra-ktp-au-ghana\/\"><figure  class=\"dce-img\"><img fetchpriority=\"high\" decoding=\"async\" width=\"680\" height=\"370\" src=\"https:\/\/gtgpartners.com\/wp-content\/uploads\/2024\/11\/vra-akosombo.jpg\" class=\"\" alt=\"Centrale \u00e9lectrique VRA KTP au Ghana\" srcset=\"https:\/\/gtgpartners.com\/wp-content\/uploads\/2024\/11\/vra-akosombo.jpg 680w, https:\/\/gtgpartners.com\/wp-content\/uploads\/2024\/11\/vra-akosombo-300x163.jpg 300w\" sizes=\"(max-width: 680px) 100vw, 680px\" \/><\/figure><\/a><\/div><\/div><div class=\"dce-content-area dce-item-area\"><div class=\"dce-item dce-item_title elementor-repeater-item-d5caa77\"><h3 class=\"dce-post-title\"><a href=\"https:\/\/gtgpartners.com\/en\/centrale-electrique-vra-ktp-au-ghana\/\">VRA KTP power plant in Ghana<\/a><\/h3><\/div><div class=\"dce-item dce-item_content elementor-repeater-item-4e5c7ce\"><div class=\"dce-post-content\">Syndicated medium and long-term project finance facility of 100000000 USD to finance the cost of completing the 220 MW Kpone Thermal Power Project (KTPP) and the double conversion works for the Mining Reserve Plant (MRP), all in Tema, in the Greater Accra Region of Ghana.<\/div><\/div><div class=\"dce-item dce-item_readmore elementor-repeater-item-05b01c5\">\t\t<div class=\"dce-post-button\">\n\t\t\t<a href=\"https:\/\/gtgpartners.com\/en\/centrale-electrique-vra-ktp-au-ghana\/\" class=\"elementor-button-link elementor-button dce-button elementor-size-sm\" role=\"button\" >\n\t\t\tRead more +\t\t\t<\/a>\n\t\t<\/div>\n\t\t<\/div><\/div>\t\t\t<\/div>\n\t\t<\/article>\n\t\t\n\t\t<article class=\"post-782 post type-post status-publish format-standard has-post-thumbnail hentry category-etudes-de-cas dce-post dce-post-item dce-item-grid\" data-dce-post-id=\"782\" data-dce-post-index=\"1\">\n\t\t\t<div class=\"dce-post-block\">\n\t\t<div class=\"dce-image-area dce-item-area\"><div class=\"dce-item dce-item_image elementor-repeater-item-f142bdc\"><a class=\"dce-post-image\" href=\"https:\/\/gtgpartners.com\/en\/afrigas-en-sierra-leone\/\"><figure  class=\"dce-img\"><img decoding=\"async\" width=\"680\" height=\"370\" src=\"https:\/\/gtgpartners.com\/wp-content\/uploads\/2024\/11\/afrigas.jpg\" class=\"\" alt=\"AFRIGAS en Sierra Leone\" srcset=\"https:\/\/gtgpartners.com\/wp-content\/uploads\/2024\/11\/afrigas.jpg 680w, https:\/\/gtgpartners.com\/wp-content\/uploads\/2024\/11\/afrigas-300x163.jpg 300w\" sizes=\"(max-width: 680px) 100vw, 680px\" \/><\/figure><\/a><\/div><\/div><div class=\"dce-content-area dce-item-area\"><div class=\"dce-item dce-item_title elementor-repeater-item-d5caa77\"><h3 class=\"dce-post-title\"><a href=\"https:\/\/gtgpartners.com\/en\/afrigas-en-sierra-leone\/\">AFRIGAS in Sierra Leone<\/a><\/h3><\/div><div class=\"dce-item dce-item_content elementor-repeater-item-4e5c7ce\"><div class=\"dce-post-content\">Afrigas Ltd is the leading importer, storage and distributor of cooking gas in Sierra Leone. Having invested in a state-of-the-art storage and bottling facility with precautionary safety installations at Freetown EST, Sierra Leone, Afrigas has pioneered the introduction of cooking gas to the general public, making it as affordable as coal and wood, but with the added advantage of being cleaner and more convenient to use.<\/div><\/div><div class=\"dce-item dce-item_readmore elementor-repeater-item-05b01c5\">\t\t<div class=\"dce-post-button\">\n\t\t\t<a href=\"https:\/\/gtgpartners.com\/en\/afrigas-en-sierra-leone\/\" class=\"elementor-button-link elementor-button dce-button elementor-size-sm\" role=\"button\" >\n\t\t\tRead more +\t\t\t<\/a>\n\t\t<\/div>\n\t\t<\/div><\/div>\t\t\t<\/div>\n\t\t<\/article>\n\t\t\n\t\t<article class=\"post-234 post type-post status-publish format-standard has-post-thumbnail hentry category-etudes-de-cas dce-post dce-post-item dce-item-grid\" data-dce-post-id=\"234\" data-dce-post-index=\"2\">\n\t\t\t<div class=\"dce-post-block\">\n\t\t<div class=\"dce-image-area dce-item-area\"><div class=\"dce-item dce-item_image elementor-repeater-item-f142bdc\"><a class=\"dce-post-image\" href=\"https:\/\/gtgpartners.com\/en\/millenium-challenge-compact-mcc-cote-divoire\/\"><figure  class=\"dce-img\"><img loading=\"lazy\" decoding=\"async\" width=\"680\" height=\"370\" src=\"https:\/\/gtgpartners.com\/wp-content\/uploads\/2024\/11\/mcc.jpg\" class=\"\" alt=\"Millenium Challenge Compact (MCC) C\u00f4te d\u2019Ivoire\" srcset=\"https:\/\/gtgpartners.com\/wp-content\/uploads\/2024\/11\/mcc.jpg 680w, https:\/\/gtgpartners.com\/wp-content\/uploads\/2024\/11\/mcc-300x163.jpg 300w\" sizes=\"(max-width: 680px) 100vw, 680px\" \/><\/figure><\/a><\/div><\/div><div class=\"dce-content-area dce-item-area\"><div class=\"dce-item dce-item_title elementor-repeater-item-d5caa77\"><h3 class=\"dce-post-title\"><a href=\"https:\/\/gtgpartners.com\/en\/millenium-challenge-compact-mcc-cote-divoire\/\">Millennium Challenge Compact (MCC) Ivory Coast<\/a><\/h3><\/div><div class=\"dce-item dce-item_content elementor-repeater-item-4e5c7ce\"><div class=\"dce-post-content\">Ivory Coast economic development continues to suffer from the inability to meet private sector demand for properly regulated and functional industrial zones - both through new development and rehabilitation.<\/div><\/div><div class=\"dce-item dce-item_readmore elementor-repeater-item-05b01c5\">\t\t<div class=\"dce-post-button\">\n\t\t\t<a href=\"https:\/\/gtgpartners.com\/en\/millenium-challenge-compact-mcc-cote-divoire\/\" class=\"elementor-button-link elementor-button dce-button elementor-size-sm\" role=\"button\" >\n\t\t\tRead more +\t\t\t<\/a>\n\t\t<\/div>\n\t\t<\/div><\/div>\t\t\t<\/div>\n\t\t<\/article>\n\t\t\t\t\t<\/div>\n\t\t\t\t\t<\/div>\n\t\t<div class=\"dce-pagination dce-pagination-bottom\"><span class=\"progression\">1 \/ 2<\/span><span class=\"current\" aria-current=\"page\">1<\/span><a href=\"https:\/\/gtgpartners.com\/en\/wp-json\/wp\/v2\/pages\/744\/page\/2\/\" class=\"inactive\">2<\/a><\/div>\t\t\t\t<\/div>\n\t\t\t\t<\/div>\n\t\t\t\t\t<\/div>\n\t\t\t\t<\/div>\n\t\t<div data-dce-background-color=\"#004F69\" class=\"elementor-element elementor-element-ab6072b boxe-etude-cas-2 e-flex e-con-boxed e-con e-child\" data-id=\"ab6072b\" data-element_type=\"container\" data-settings=\"{&quot;background_background&quot;:&quot;classic&quot;}\">\n\t\t\t\t\t<div class=\"e-con-inner\">\n\t\t\t\t<div class=\"elementor-element elementor-element-ffada7a elementor-widget elementor-widget-heading\" data-id=\"ffada7a\" data-element_type=\"widget\" data-widget_type=\"heading.default\">\n\t\t\t\t<div class=\"elementor-widget-container\">\n\t\t\t\t\t<h2 class=\"elementor-heading-title elementor-size-default\">Other projects completed<\/h2>\t\t\t\t<\/div>\n\t\t\t\t<\/div>\n\t\t\t\t<div class=\"elementor-element elementor-element-1b04098 elementor-widget-divider--view-line elementor-widget elementor-widget-divider\" data-id=\"1b04098\" data-element_type=\"widget\" data-widget_type=\"divider.default\">\n\t\t\t\t<div class=\"elementor-widget-container\">\n\t\t\t\t\t\t\t<div class=\"elementor-divider\">\n\t\t\t<span class=\"elementor-divider-separator\">\n\t\t\t\t\t\t<\/span>\n\t\t<\/div>\n\t\t\t\t\t\t<\/div>\n\t\t\t\t<\/div>\n\t\t\t\t<div class=\"elementor-element elementor-element-47287dd dce-align-left elementor-widget elementor-widget-dce-dynamicposts-v2\" data-id=\"47287dd\" data-element_type=\"widget\" data-widget_type=\"dce-dynamicposts-v2.table\">\n\t\t\t\t<div class=\"elementor-widget-container\">\n\t\t\t\t\t\n\t\t<table class=\"dce-fix-background-loop dce-posts-container dce-posts\">\n\n\t\t\n\t\t<tr class=\"post-840 post type-post status-publish format-standard has-post-thumbnail hentry category-etudes-de-cas dce-post dce-post-item dce-item-table\" data-dce-post-id=\"840\" data-dce-post-index=\"0\">\n\t\t<td class=\"dce-item dce-item_title elementor-repeater-item-d5caa77\"><h3 class=\"dce-post-title\"><a href=\"https:\/\/gtgpartners.com\/en\/produits-pharmaceutiques-sprukfield\/\">Pharmaceutical products SPRUKFIELD<\/a><\/h3><\/td>\t\t<\/tr>\n\t\t\n\t\t<tr class=\"post-843 post type-post status-publish format-standard has-post-thumbnail hentry category-etudes-de-cas dce-post dce-post-item dce-item-table\" data-dce-post-id=\"843\" data-dce-post-index=\"1\">\n\t\t<td class=\"dce-item dce-item_title elementor-repeater-item-d5caa77\"><h3 class=\"dce-post-title\"><a href=\"https:\/\/gtgpartners.com\/en\/usine-de-broyage-de-ciment-fouta-au-liberia\/\">FOUTA cement grinding plant in Liberia<\/a><\/h3><\/td>\t\t<\/tr>\n\t\t\n\t\t<tr class=\"post-239 post type-post status-publish format-standard has-post-thumbnail hentry category-etudes-de-cas dce-post dce-post-item dce-item-table\" data-dce-post-id=\"239\" data-dce-post-index=\"2\">\n\t\t<td class=\"dce-item dce-item_title elementor-repeater-item-d5caa77\"><h3 class=\"dce-post-title\"><a href=\"https:\/\/gtgpartners.com\/en\/cedeao-assurance-du-commerce-en-afrique\/\">ECOWAS \/ Trade Insurance in Africa<\/a><\/h3><\/td>\t\t<\/tr>\n\t\t\n\t\t<tr class=\"post-234 post type-post status-publish format-standard has-post-thumbnail hentry category-etudes-de-cas dce-post dce-post-item dce-item-table\" data-dce-post-id=\"234\" data-dce-post-index=\"3\">\n\t\t<td class=\"dce-item dce-item_title elementor-repeater-item-d5caa77\"><h3 class=\"dce-post-title\"><a href=\"https:\/\/gtgpartners.com\/en\/millenium-challenge-compact-mcc-cote-divoire\/\">Millennium Challenge Compact (MCC) Ivory Coast<\/a><\/h3><\/td>\t\t<\/tr>\n\t\t\n\t\t<tr class=\"post-782 post type-post status-publish format-standard has-post-thumbnail hentry category-etudes-de-cas dce-post dce-post-item dce-item-table\" data-dce-post-id=\"782\" data-dce-post-index=\"4\">\n\t\t<td class=\"dce-item dce-item_title elementor-repeater-item-d5caa77\"><h3 class=\"dce-post-title\"><a href=\"https:\/\/gtgpartners.com\/en\/afrigas-en-sierra-leone\/\">AFRIGAS in Sierra Leone<\/a><\/h3><\/td>\t\t<\/tr>\n\t\t\n\t\t<tr class=\"post-787 post type-post status-publish format-standard has-post-thumbnail hentry category-etudes-de-cas dce-post dce-post-item dce-item-table\" data-dce-post-id=\"787\" data-dce-post-index=\"5\">\n\t\t<td class=\"dce-item dce-item_title elementor-repeater-item-d5caa77\"><h3 class=\"dce-post-title\"><a href=\"https:\/\/gtgpartners.com\/en\/centrale-electrique-vra-ktp-au-ghana\/\">VRA KTP power plant in Ghana<\/a><\/h3><\/td>\t\t<\/tr>\n\t\t\t\n\t\t<\/table>\n\n\t\t\t\t\t\t<\/div>\n\t\t\t\t<\/div>\n\t\t\t\t\t<\/div>\n\t\t\t\t<\/div>\n\t\t\t\t\t<\/div>\n\t\t\t\t<\/div>\n\t\t\t\t<\/div>\n\t\t<div data-dce-background-image-url=\"https:\/\/gtgpartners.com\/wp-content\/uploads\/2024\/11\/secteur-activites-bg.jpg\" class=\"elementor-element elementor-element-3b8e31d e-con-full e-flex e-con e-parent\" data-id=\"3b8e31d\" data-element_type=\"container\" data-settings=\"{&quot;background_background&quot;:&quot;classic&quot;}\">\n\t\t<div class=\"elementor-element elementor-element-6dc0258 e-con-full e-flex e-con e-child\" data-id=\"6dc0258\" data-element_type=\"container\">\n\t\t\t\t<div class=\"elementor-element elementor-element-1c7bce4 elementor-widget elementor-widget-heading\" data-id=\"1c7bce4\" data-element_type=\"widget\" data-widget_type=\"heading.default\">\n\t\t\t\t<div class=\"elementor-widget-container\">\n\t\t\t\t\t<h2 class=\"elementor-heading-title elementor-size-default\">Sectors of activity<\/h2>\t\t\t\t<\/div>\n\t\t\t\t<\/div>\n\t\t\t\t<\/div>\n\t\t<div class=\"elementor-element elementor-element-18cf2c1 e-flex e-con-boxed e-con e-child\" data-id=\"18cf2c1\" data-element_type=\"container\">\n\t\t\t\t\t<div class=\"e-con-inner\">\n\t\t\t\t<div class=\"elementor-element elementor-element-c1f943f elementor-widget-divider--view-line elementor-widget elementor-widget-divider\" data-id=\"c1f943f\" data-element_type=\"widget\" data-widget_type=\"divider.default\">\n\t\t\t\t<div class=\"elementor-widget-container\">\n\t\t\t\t\t\t\t<div class=\"elementor-divider\">\n\t\t\t<span class=\"elementor-divider-separator\">\n\t\t\t\t\t\t<\/span>\n\t\t<\/div>\n\t\t\t\t\t\t<\/div>\n\t\t\t\t<\/div>\n\t\t\t\t\t<\/div>\n\t\t\t\t<\/div>\n\t\t<div class=\"elementor-element elementor-element-06a9635 e-con-full e-flex e-con e-child\" data-id=\"06a9635\" data-element_type=\"container\">\n\t\t<div data-dce-background-hover-color=\"#FFFFFFCC\" class=\"elementor-element elementor-element-1a8ff07 box-secteurs-activites e-flex e-con-boxed e-con e-child\" data-id=\"1a8ff07\" data-element_type=\"container\">\n\t\t\t\t\t<div class=\"e-con-inner\">\n\t\t\t\t<div class=\"elementor-element elementor-element-0183a43 dce_masking-none elementor-position-top elementor-widget elementor-widget-image-box\" data-id=\"0183a43\" data-element_type=\"widget\" data-widget_type=\"image-box.default\">\n\t\t\t\t<div class=\"elementor-widget-container\">\n\t\t\t\t\t<div class=\"elementor-image-box-wrapper\"><figure class=\"elementor-image-box-img\"><img loading=\"lazy\" decoding=\"async\" width=\"65\" height=\"64\" src=\"https:\/\/gtgpartners.com\/wp-content\/uploads\/2024\/11\/secteur-activites-icones1.png\" class=\"attachment-full size-full wp-image-303\" alt=\"\" \/><\/figure><div class=\"elementor-image-box-content\"><h3 class=\"elementor-image-box-title\">Agro-industry<\/h3><\/div><\/div>\t\t\t\t<\/div>\n\t\t\t\t<\/div>\n\t\t\t\t\t<\/div>\n\t\t\t\t<\/div>\n\t\t<div data-dce-background-hover-color=\"#FFFFFFCC\" class=\"elementor-element elementor-element-2d38a06 e-con-full e-flex e-con e-child\" data-id=\"2d38a06\" data-element_type=\"container\">\n\t\t\t\t<div class=\"elementor-element elementor-element-4499c6d dce_masking-none elementor-position-top elementor-widget elementor-widget-image-box\" data-id=\"4499c6d\" data-element_type=\"widget\" data-widget_type=\"image-box.default\">\n\t\t\t\t<div class=\"elementor-widget-container\">\n\t\t\t\t\t<div class=\"elementor-image-box-wrapper\"><figure class=\"elementor-image-box-img\"><img loading=\"lazy\" decoding=\"async\" width=\"65\" height=\"64\" src=\"https:\/\/gtgpartners.com\/wp-content\/uploads\/2024\/11\/secteur-activites-icones2.png\" class=\"attachment-full size-full wp-image-304\" alt=\"\" \/><\/figure><div class=\"elementor-image-box-content\"><h3 class=\"elementor-image-box-title\">Health<\/h3><\/div><\/div>\t\t\t\t<\/div>\n\t\t\t\t<\/div>\n\t\t\t\t<\/div>\n\t\t<div data-dce-background-hover-color=\"#FFFFFFCC\" class=\"elementor-element elementor-element-363cd8b e-con-full e-flex e-con e-child\" data-id=\"363cd8b\" data-element_type=\"container\">\n\t\t\t\t<div class=\"elementor-element elementor-element-64b96e2 dce_masking-none elementor-position-top elementor-widget elementor-widget-image-box\" data-id=\"64b96e2\" data-element_type=\"widget\" data-widget_type=\"image-box.default\">\n\t\t\t\t<div class=\"elementor-widget-container\">\n\t\t\t\t\t<div class=\"elementor-image-box-wrapper\"><figure class=\"elementor-image-box-img\"><img loading=\"lazy\" decoding=\"async\" width=\"65\" height=\"64\" src=\"https:\/\/gtgpartners.com\/wp-content\/uploads\/2024\/11\/secteur-activites-icones3.png\" class=\"attachment-full size-full wp-image-305\" alt=\"\" \/><\/figure><div class=\"elementor-image-box-content\"><h3 class=\"elementor-image-box-title\">Energy<\/h3><\/div><\/div>\t\t\t\t<\/div>\n\t\t\t\t<\/div>\n\t\t\t\t<\/div>\n\t\t<div data-dce-background-hover-color=\"#FFFFFFCC\" class=\"elementor-element elementor-element-a71143e e-con-full e-flex e-con e-child\" data-id=\"a71143e\" data-element_type=\"container\">\n\t\t\t\t<div class=\"elementor-element elementor-element-21c73fc dce_masking-none elementor-position-top elementor-widget elementor-widget-image-box\" data-id=\"21c73fc\" data-element_type=\"widget\" data-widget_type=\"image-box.default\">\n\t\t\t\t<div class=\"elementor-widget-container\">\n\t\t\t\t\t<div class=\"elementor-image-box-wrapper\"><figure class=\"elementor-image-box-img\"><img loading=\"lazy\" decoding=\"async\" width=\"65\" height=\"64\" src=\"https:\/\/gtgpartners.com\/wp-content\/uploads\/2024\/11\/secteur-activites-icones4.png\" class=\"attachment-full size-full wp-image-306\" alt=\"\" \/><\/figure><div class=\"elementor-image-box-content\"><h3 class=\"elementor-image-box-title\">Finance<\/h3><\/div><\/div>\t\t\t\t<\/div>\n\t\t\t\t<\/div>\n\t\t\t\t<\/div>\n\t\t\t\t<\/div>\n\t\t\t\t<\/div>\n\t\t\t\t<\/div>","protected":false},"excerpt":{"rendered":"<p>Centrale \u00e9lectrique VRA KTP au Ghana Facilit\u00e9 de financement syndiqu\u00e9 de projet \u00e0 moyen et long terme de 100000000 USD [&hellip;]<\/p>","protected":false},"author":1,"featured_media":0,"parent":0,"menu_order":0,"comment_status":"closed","ping_status":"closed","template":"","meta":{"site-sidebar-layout":"no-sidebar","site-content-layout":"","ast-site-content-layout":"full-width-container","site-content-style":"default","site-sidebar-style":"default","ast-global-header-display":"","ast-banner-title-visibility":"","ast-main-header-display":"","ast-hfb-above-header-display":"","ast-hfb-below-header-display":"","ast-hfb-mobile-header-display":"","site-post-title":"disabled","ast-breadcrumbs-content":"","ast-featured-img":"disabled","footer-sml-layout":"","theme-transparent-header-meta":"default","adv-header-id-meta":"","stick-header-meta":"","header-above-stick-meta":"","header-main-stick-meta":"","header-below-stick-meta":"","astra-migrate-meta-layouts":"set","ast-page-background-enabled":"default","ast-page-background-meta":{"desktop":{"background-color":"var(--ast-global-color-4)","background-image":"","background-repeat":"repeat","background-position":"center center","background-size":"auto","background-attachment":"scroll","background-type":"","background-media":"","overlay-type":"","overlay-color":"","overlay-opacity":"","overlay-gradient":""},"tablet":{"background-color":"","background-image":"","background-repeat":"repeat","background-position":"center center","background-size":"auto","background-attachment":"scroll","background-type":"","background-media":"","overlay-type":"","overlay-color":"","overlay-opacity":"","overlay-gradient":""},"mobile":{"background-color":"","background-image":"","background-repeat":"repeat","background-position":"center center","background-size":"auto","background-attachment":"scroll","background-type":"","background-media":"","overlay-type":"","overlay-color":"","overlay-opacity":"","overlay-gradient":""}},"ast-content-background-meta":{"desktop":{"background-color":"var(--ast-global-color-5)","background-image":"","background-repeat":"repeat","background-position":"center center","background-size":"auto","background-attachment":"scroll","background-type":"","background-media":"","overlay-type":"","overlay-color":"","overlay-opacity":"","overlay-gradient":""},"tablet":{"background-color":"var(--ast-global-color-5)","background-image":"","background-repeat":"repeat","background-position":"center center","background-size":"auto","background-attachment":"scroll","background-type":"","background-media":"","overlay-type":"","overlay-color":"","overlay-opacity":"","overlay-gradient":""},"mobile":{"background-color":"var(--ast-global-color-5)","background-image":"","background-repeat":"repeat","background-position":"center center","background-size":"auto","background-attachment":"scroll","background-type":"","background-media":"","overlay-type":"","overlay-color":"","overlay-opacity":"","overlay-gradient":""}},"footnotes":""},"class_list":["post-744","page","type-page","status-publish","hentry"],"_links":{"self":[{"href":"https:\/\/gtgpartners.com\/en\/wp-json\/wp\/v2\/pages\/744","targetHints":{"allow":["GET"]}}],"collection":[{"href":"https:\/\/gtgpartners.com\/en\/wp-json\/wp\/v2\/pages"}],"about":[{"href":"https:\/\/gtgpartners.com\/en\/wp-json\/wp\/v2\/types\/page"}],"author":[{"embeddable":true,"href":"https:\/\/gtgpartners.com\/en\/wp-json\/wp\/v2\/users\/1"}],"replies":[{"embeddable":true,"href":"https:\/\/gtgpartners.com\/en\/wp-json\/wp\/v2\/comments?post=744"}],"version-history":[{"count":106,"href":"https:\/\/gtgpartners.com\/en\/wp-json\/wp\/v2\/pages\/744\/revisions"}],"predecessor-version":[{"id":2328,"href":"https:\/\/gtgpartners.com\/en\/wp-json\/wp\/v2\/pages\/744\/revisions\/2328"}],"wp:attachment":[{"href":"https:\/\/gtgpartners.com\/en\/wp-json\/wp\/v2\/media?parent=744"}],"curies":[{"name":"wp","href":"https:\/\/api.w.org\/{rel}","templated":true}]}}